{"id":737,"date":"2024-03-13T16:01:09","date_gmt":"2024-03-13T15:01:09","guid":{"rendered":"https:\/\/ondaadvisory.com\/?page_id=737"},"modified":"2024-03-13T17:20:34","modified_gmt":"2024-03-13T16:20:34","slug":"financiele-health-check","status":"publish","type":"page","link":"https:\/\/ondaadvisory.com\/index.php\/nl-services\/financiele-health-check\/","title":{"rendered":"Financiele &#8216;health check&#8217;"},"content":{"rendered":"\t\t<div data-elementor-type=\"wp-page\" data-elementor-id=\"737\" class=\"elementor elementor-737\" data-elementor-post-type=\"page\">\n\t\t\t\t\t\t\t<div class=\"elementor-element elementor-element-b8bd7da e-flex e-con-boxed e-con e-parent\" data-id=\"b8bd7da\" data-element_type=\"container\" data-settings=\"{&quot;content_width&quot;:&quot;boxed&quot;}\" data-core-v316-plus=\"true\">\n\t\t\t\t\t<div class=\"e-con-inner\">\n\t\t\t\t<div class=\"elementor-element elementor-element-c1876c0 elementor-widget elementor-widget-spacer\" data-id=\"c1876c0\" data-element_type=\"widget\" data-widget_type=\"spacer.default\">\n\t\t\t\t<div class=\"elementor-widget-container\">\n\t\t\t<style>\/*! elementor - v3.18.0 - 20-12-2023 *\/\n.elementor-column .elementor-spacer-inner{height:var(--spacer-size)}.e-con{--container-widget-width:100%}.e-con-inner>.elementor-widget-spacer,.e-con>.elementor-widget-spacer{width:var(--container-widget-width,var(--spacer-size));--align-self:var(--container-widget-align-self,initial);--flex-shrink:0}.e-con-inner>.elementor-widget-spacer>.elementor-widget-container,.e-con>.elementor-widget-spacer>.elementor-widget-container{height:100%;width:100%}.e-con-inner>.elementor-widget-spacer>.elementor-widget-container>.elementor-spacer,.e-con>.elementor-widget-spacer>.elementor-widget-container>.elementor-spacer{height:100%}.e-con-inner>.elementor-widget-spacer>.elementor-widget-container>.elementor-spacer>.elementor-spacer-inner,.e-con>.elementor-widget-spacer>.elementor-widget-container>.elementor-spacer>.elementor-spacer-inner{height:var(--container-widget-height,var(--spacer-size))}.e-con-inner>.elementor-widget-spacer.elementor-widget-empty,.e-con>.elementor-widget-spacer.elementor-widget-empty{position:relative;min-height:22px;min-width:22px}.e-con-inner>.elementor-widget-spacer.elementor-widget-empty .elementor-widget-empty-icon,.e-con>.elementor-widget-spacer.elementor-widget-empty .elementor-widget-empty-icon{position:absolute;top:0;bottom:0;left:0;right:0;margin:auto;padding:0;width:22px;height:22px}<\/style>\t\t<div class=\"elementor-spacer\">\n\t\t\t<div class=\"elementor-spacer-inner\"><\/div>\n\t\t<\/div>\n\t\t\t\t<\/div>\n\t\t\t\t<\/div>\n\t\t\t\t<div class=\"elementor-element elementor-element-d0fe795 elementor-widget elementor-widget-heading\" data-id=\"d0fe795\" data-element_type=\"widget\" data-widget_type=\"heading.default\">\n\t\t\t\t<div class=\"elementor-widget-container\">\n\t\t\t<style>\/*! elementor - v3.18.0 - 20-12-2023 *\/\n.elementor-heading-title{padding:0;margin:0;line-height:1}.elementor-widget-heading .elementor-heading-title[class*=elementor-size-]>a{color:inherit;font-size:inherit;line-height:inherit}.elementor-widget-heading .elementor-heading-title.elementor-size-small{font-size:15px}.elementor-widget-heading .elementor-heading-title.elementor-size-medium{font-size:19px}.elementor-widget-heading .elementor-heading-title.elementor-size-large{font-size:29px}.elementor-widget-heading .elementor-heading-title.elementor-size-xl{font-size:39px}.elementor-widget-heading .elementor-heading-title.elementor-size-xxl{font-size:59px}<\/style><h2 class=\"elementor-heading-title elementor-size-default\">Strategische financi\u00eble 'health check': optimalisatie van de winstgevendheid\n<\/h2>\t\t<\/div>\n\t\t\t\t<\/div>\n\t\t\t\t<div class=\"elementor-element elementor-element-b6e3f94 elementor-widget elementor-widget-spacer\" data-id=\"b6e3f94\" data-element_type=\"widget\" data-widget_type=\"spacer.default\">\n\t\t\t\t<div class=\"elementor-widget-container\">\n\t\t\t\t\t<div class=\"elementor-spacer\">\n\t\t\t<div class=\"elementor-spacer-inner\"><\/div>\n\t\t<\/div>\n\t\t\t\t<\/div>\n\t\t\t\t<\/div>\n\t\t\t\t<div class=\"elementor-element elementor-element-f378f32 elementor-widget elementor-widget-text-editor\" data-id=\"f378f32\" data-element_type=\"widget\" data-widget_type=\"text-editor.default\">\n\t\t\t\t<div class=\"elementor-widget-container\">\n\t\t\t<style>\/*! elementor - v3.18.0 - 20-12-2023 *\/\n.elementor-widget-text-editor.elementor-drop-cap-view-stacked .elementor-drop-cap{background-color:#69727d;color:#fff}.elementor-widget-text-editor.elementor-drop-cap-view-framed .elementor-drop-cap{color:#69727d;border:3px solid;background-color:transparent}.elementor-widget-text-editor:not(.elementor-drop-cap-view-default) .elementor-drop-cap{margin-top:8px}.elementor-widget-text-editor:not(.elementor-drop-cap-view-default) .elementor-drop-cap-letter{width:1em;height:1em}.elementor-widget-text-editor .elementor-drop-cap{float:left;text-align:center;line-height:1;font-size:50px}.elementor-widget-text-editor .elementor-drop-cap-letter{display:inline-block}<\/style>\t\t\t\t<p>Behoud de financi\u00eble veerkracht van je startup met onze strategische &#8216;health checks&#8217;.\u00a0We bieden diepgaande financi\u00eble diagnoses en strategie\u00ebn voor kostenreductie en -optimalisatie, inclusief effectieve prijszetting en kostenbeheer op basis van jouw gegevens. Ons doel is om ervoor te zorgen dat je startup financieel solide, flexibel en groeigericht blijft.<\/p>\t\t\t\t\t\t<\/div>\n\t\t\t\t<\/div>\n\t\t\t\t<div class=\"elementor-element elementor-element-ec66b75 elementor-widget elementor-widget-heading\" data-id=\"ec66b75\" data-element_type=\"widget\" data-widget_type=\"heading.default\">\n\t\t\t\t<div class=\"elementor-widget-container\">\n\t\t\t<h3 class=\"elementor-heading-title elementor-size-large\">Een greep uit ons aanbod<\/h3>\t\t<\/div>\n\t\t\t\t<\/div>\n\t\t\t\t<div class=\"elementor-element elementor-element-c435f1b elementor-widget elementor-widget-text-editor\" data-id=\"c435f1b\" data-element_type=\"widget\" data-widget_type=\"text-editor.default\">\n\t\t\t\t<div class=\"elementor-widget-container\">\n\t\t\t\t\t\t\t<ul><li>Financi\u00eble diagnostiek<\/li><li>Strategie\u00ebn voor kostenverlaging en -optimalisatie<\/li><li>Ontwikkeling prijsstrategie<\/li><li>Optimalisatie van de winstgevendheid<\/li><li>&#8230;<\/li><\/ul>\t\t\t\t\t\t<\/div>\n\t\t\t\t<\/div>\n\t\t\t\t<div class=\"elementor-element elementor-element-32b1763 elementor-align-center elementor-widget elementor-widget-button\" data-id=\"32b1763\" data-element_type=\"widget\" data-widget_type=\"button.default\">\n\t\t\t\t<div class=\"elementor-widget-container\">\n\t\t\t\t\t<div class=\"elementor-button-wrapper\">\n\t\t\t<a class=\"elementor-button elementor-button-link elementor-size-md\" href=\"https:\/\/ondaadvisory.com\/index.php\/contacteer-ons\/\">\n\t\t\t\t\t\t<span class=\"elementor-button-content-wrapper\">\n\t\t\t\t\t\t<span class=\"elementor-button-text\">Contacteer ons!<\/span>\n\t\t<\/span>\n\t\t\t\t\t<\/a>\n\t\t<\/div>\n\t\t\t\t<\/div>\n\t\t\t\t<\/div>\n\t\t\t\t<div class=\"elementor-element elementor-element-0293bfe elementor-widget elementor-widget-spacer\" data-id=\"0293bfe\" data-element_type=\"widget\" data-widget_type=\"spacer.default\">\n\t\t\t\t<div class=\"elementor-widget-container\">\n\t\t\t\t\t<div class=\"elementor-spacer\">\n\t\t\t<div class=\"elementor-spacer-inner\"><\/div>\n\t\t<\/div>\n\t\t\t\t<\/div>\n\t\t\t\t<\/div>\n\t\t\t\t\t<\/div>\n\t\t\t\t<\/div>\n\t\t\t\t\t\t\t<\/div>\n\t\t","protected":false},"excerpt":{"rendered":"<p>Strategische financi\u00eble &#8216;health check&#8217;: optimalisatie van de winstgevendheid Behoud de financi\u00eble veerkracht van je startup met onze strategische &#8216;health checks&#8217;.\u00a0We bieden diepgaande financi\u00eble diagnoses en strategie\u00ebn voor kostenreductie en -optimalisatie, inclusief effectieve prijszetting en kostenbeheer op basis van jouw gegevens. Ons doel is om ervoor te zorgen dat je startup financieel solide, flexibel en groeigericht [&hellip;]<\/p>\n","protected":false},"author":1,"featured_media":0,"parent":686,"menu_order":0,"comment_status":"closed","ping_status":"closed","template":"","meta":{"footnotes":""},"yoast_head":"<!-- This site is optimized with the Yoast SEO plugin v22.0 - https:\/\/yoast.com\/wordpress\/plugins\/seo\/ -->\n<title>Strategisch financi\u00eble &#039;health check&#039; - Onda Advisory<\/title>\n<meta name=\"description\" content=\"Strategisch financi\u00eble &#039;health check&#039;: optimalisatie van je winstgevendheid. Versterk de financi\u00eble stabiliteit van uw startup met onze strategische financi\u00eble analyse.\" \/>\n<meta name=\"robots\" content=\"index, follow, max-snippet:-1, max-image-preview:large, max-video-preview:-1\" \/>\n<link rel=\"canonical\" href=\"https:\/\/ondaadvisory.com\/index.php\/nl-services\/financiele-health-check\/\" \/>\n<meta property=\"og:locale\" content=\"en_GB\" \/>\n<meta property=\"og:type\" content=\"article\" \/>\n<meta property=\"og:title\" content=\"Strategisch financi\u00eble &#039;health check&#039; - Onda Advisory\" \/>\n<meta property=\"og:description\" content=\"Strategisch financi\u00eble &#039;health check&#039;: optimalisatie van je winstgevendheid. Versterk de financi\u00eble stabiliteit van uw startup met onze strategische financi\u00eble analyse.\" \/>\n<meta property=\"og:url\" content=\"https:\/\/ondaadvisory.com\/index.php\/nl-services\/financiele-health-check\/\" \/>\n<meta property=\"og:site_name\" content=\"Onda Advisory\" \/>\n<meta property=\"article:modified_time\" content=\"2024-03-13T16:20:34+00:00\" \/>\n<meta property=\"og:image\" content=\"https:\/\/ondaadvisory.com\/wp-content\/uploads\/2023\/12\/ONDA-Advisory-LOGO-round.png\" \/>\n\t<meta property=\"og:image:width\" content=\"720\" \/>\n\t<meta property=\"og:image:height\" content=\"720\" \/>\n\t<meta property=\"og:image:type\" content=\"image\/png\" \/>\n<meta name=\"twitter:card\" content=\"summary_large_image\" \/>\n<meta name=\"twitter:label1\" content=\"Estimated reading time\" \/>\n\t<meta name=\"twitter:data1\" content=\"1 minute\" \/>\n<script type=\"application\/ld+json\" class=\"yoast-schema-graph\">{\"@context\":\"https:\/\/schema.org\",\"@graph\":[{\"@type\":\"WebPage\",\"@id\":\"https:\/\/ondaadvisory.com\/index.php\/nl-services\/financiele-health-check\/\",\"url\":\"https:\/\/ondaadvisory.com\/index.php\/nl-services\/financiele-health-check\/\",\"name\":\"Strategisch financi\u00eble 'health check' - Onda Advisory\",\"isPartOf\":{\"@id\":\"https:\/\/ondaadvisory.com\/#website\"},\"datePublished\":\"2024-03-13T15:01:09+00:00\",\"dateModified\":\"2024-03-13T16:20:34+00:00\",\"description\":\"Strategisch financi\u00eble 'health check': optimalisatie van je winstgevendheid. Versterk de financi\u00eble stabiliteit van uw startup met onze strategische financi\u00eble analyse.\",\"breadcrumb\":{\"@id\":\"https:\/\/ondaadvisory.com\/index.php\/nl-services\/financiele-health-check\/#breadcrumb\"},\"inLanguage\":\"en-GB\",\"potentialAction\":[{\"@type\":\"ReadAction\",\"target\":[\"https:\/\/ondaadvisory.com\/index.php\/nl-services\/financiele-health-check\/\"]}]},{\"@type\":\"BreadcrumbList\",\"@id\":\"https:\/\/ondaadvisory.com\/index.php\/nl-services\/financiele-health-check\/#breadcrumb\",\"itemListElement\":[{\"@type\":\"ListItem\",\"position\":1,\"name\":\"Home\",\"item\":\"https:\/\/ondaadvisory.com\/\"},{\"@type\":\"ListItem\",\"position\":2,\"name\":\"Services\",\"item\":\"https:\/\/ondaadvisory.com\/index.php\/nl-services\/\"},{\"@type\":\"ListItem\",\"position\":3,\"name\":\"Financiele &#8216;health check&#8217;\"}]},{\"@type\":\"WebSite\",\"@id\":\"https:\/\/ondaadvisory.com\/#website\",\"url\":\"https:\/\/ondaadvisory.com\/\",\"name\":\"Onda Advisory\",\"description\":\"Empowering startups to make waves in the market with strategic financial guidance.\",\"publisher\":{\"@id\":\"https:\/\/ondaadvisory.com\/#organization\"},\"potentialAction\":[{\"@type\":\"SearchAction\",\"target\":{\"@type\":\"EntryPoint\",\"urlTemplate\":\"https:\/\/ondaadvisory.com\/?s={search_term_string}\"},\"query-input\":\"required name=search_term_string\"}],\"inLanguage\":\"en-GB\"},{\"@type\":\"Organization\",\"@id\":\"https:\/\/ondaadvisory.com\/#organization\",\"name\":\"Onda Advisory\",\"url\":\"https:\/\/ondaadvisory.com\/\",\"logo\":{\"@type\":\"ImageObject\",\"inLanguage\":\"en-GB\",\"@id\":\"https:\/\/ondaadvisory.com\/#\/schema\/logo\/image\/\",\"url\":\"https:\/\/ondaadvisory.com\/wp-content\/uploads\/2023\/12\/ONDA-Advisory-LOGO-round.png\",\"contentUrl\":\"https:\/\/ondaadvisory.com\/wp-content\/uploads\/2023\/12\/ONDA-Advisory-LOGO-round.png\",\"width\":720,\"height\":720,\"caption\":\"Onda Advisory\"},\"image\":{\"@id\":\"https:\/\/ondaadvisory.com\/#\/schema\/logo\/image\/\"},\"sameAs\":[\"https:\/\/www.linkedin.com\/company\/onda-advisory\/\"]}]}<\/script>\n<!-- \/ Yoast SEO plugin. -->","yoast_head_json":{"title":"Strategisch financi\u00eble 'health check' - Onda Advisory","description":"Strategisch financi\u00eble 'health check': optimalisatie van je winstgevendheid. Versterk de financi\u00eble stabiliteit van uw startup met onze strategische financi\u00eble analyse.","robots":{"index":"index","follow":"follow","max-snippet":"max-snippet:-1","max-image-preview":"max-image-preview:large","max-video-preview":"max-video-preview:-1"},"canonical":"https:\/\/ondaadvisory.com\/index.php\/nl-services\/financiele-health-check\/","og_locale":"en_GB","og_type":"article","og_title":"Strategisch financi\u00eble 'health check' - Onda Advisory","og_description":"Strategisch financi\u00eble 'health check': optimalisatie van je winstgevendheid. Versterk de financi\u00eble stabiliteit van uw startup met onze strategische financi\u00eble analyse.","og_url":"https:\/\/ondaadvisory.com\/index.php\/nl-services\/financiele-health-check\/","og_site_name":"Onda Advisory","article_modified_time":"2024-03-13T16:20:34+00:00","og_image":[{"width":720,"height":720,"url":"https:\/\/ondaadvisory.com\/wp-content\/uploads\/2023\/12\/ONDA-Advisory-LOGO-round.png","type":"image\/png"}],"twitter_card":"summary_large_image","twitter_misc":{"Estimated reading time":"1 minute"},"schema":{"@context":"https:\/\/schema.org","@graph":[{"@type":"WebPage","@id":"https:\/\/ondaadvisory.com\/index.php\/nl-services\/financiele-health-check\/","url":"https:\/\/ondaadvisory.com\/index.php\/nl-services\/financiele-health-check\/","name":"Strategisch financi\u00eble 'health check' - Onda Advisory","isPartOf":{"@id":"https:\/\/ondaadvisory.com\/#website"},"datePublished":"2024-03-13T15:01:09+00:00","dateModified":"2024-03-13T16:20:34+00:00","description":"Strategisch financi\u00eble 'health check': optimalisatie van je winstgevendheid. Versterk de financi\u00eble stabiliteit van uw startup met onze strategische financi\u00eble analyse.","breadcrumb":{"@id":"https:\/\/ondaadvisory.com\/index.php\/nl-services\/financiele-health-check\/#breadcrumb"},"inLanguage":"en-GB","potentialAction":[{"@type":"ReadAction","target":["https:\/\/ondaadvisory.com\/index.php\/nl-services\/financiele-health-check\/"]}]},{"@type":"BreadcrumbList","@id":"https:\/\/ondaadvisory.com\/index.php\/nl-services\/financiele-health-check\/#breadcrumb","itemListElement":[{"@type":"ListItem","position":1,"name":"Home","item":"https:\/\/ondaadvisory.com\/"},{"@type":"ListItem","position":2,"name":"Services","item":"https:\/\/ondaadvisory.com\/index.php\/nl-services\/"},{"@type":"ListItem","position":3,"name":"Financiele &#8216;health check&#8217;"}]},{"@type":"WebSite","@id":"https:\/\/ondaadvisory.com\/#website","url":"https:\/\/ondaadvisory.com\/","name":"Onda Advisory","description":"Empowering startups to make waves in the market with strategic financial guidance.","publisher":{"@id":"https:\/\/ondaadvisory.com\/#organization"},"potentialAction":[{"@type":"SearchAction","target":{"@type":"EntryPoint","urlTemplate":"https:\/\/ondaadvisory.com\/?s={search_term_string}"},"query-input":"required name=search_term_string"}],"inLanguage":"en-GB"},{"@type":"Organization","@id":"https:\/\/ondaadvisory.com\/#organization","name":"Onda Advisory","url":"https:\/\/ondaadvisory.com\/","logo":{"@type":"ImageObject","inLanguage":"en-GB","@id":"https:\/\/ondaadvisory.com\/#\/schema\/logo\/image\/","url":"https:\/\/ondaadvisory.com\/wp-content\/uploads\/2023\/12\/ONDA-Advisory-LOGO-round.png","contentUrl":"https:\/\/ondaadvisory.com\/wp-content\/uploads\/2023\/12\/ONDA-Advisory-LOGO-round.png","width":720,"height":720,"caption":"Onda Advisory"},"image":{"@id":"https:\/\/ondaadvisory.com\/#\/schema\/logo\/image\/"},"sameAs":["https:\/\/www.linkedin.com\/company\/onda-advisory\/"]}]}},"_links":{"self":[{"href":"https:\/\/ondaadvisory.com\/index.php\/wp-json\/wp\/v2\/pages\/737"}],"collection":[{"href":"https:\/\/ondaadvisory.com\/index.php\/wp-json\/wp\/v2\/pages"}],"about":[{"href":"https:\/\/ondaadvisory.com\/index.php\/wp-json\/wp\/v2\/types\/page"}],"author":[{"embeddable":true,"href":"https:\/\/ondaadvisory.com\/index.php\/wp-json\/wp\/v2\/users\/1"}],"replies":[{"embeddable":true,"href":"https:\/\/ondaadvisory.com\/index.php\/wp-json\/wp\/v2\/comments?post=737"}],"version-history":[{"count":4,"href":"https:\/\/ondaadvisory.com\/index.php\/wp-json\/wp\/v2\/pages\/737\/revisions"}],"predecessor-version":[{"id":747,"href":"https:\/\/ondaadvisory.com\/index.php\/wp-json\/wp\/v2\/pages\/737\/revisions\/747"}],"up":[{"embeddable":true,"href":"https:\/\/ondaadvisory.com\/index.php\/wp-json\/wp\/v2\/pages\/686"}],"wp:attachment":[{"href":"https:\/\/ondaadvisory.com\/index.php\/wp-json\/wp\/v2\/media?parent=737"}],"curies":[{"name":"wp","href":"https:\/\/api.w.org\/{rel}","templated":true}]}}