{"id":633,"date":"2024-02-21T18:53:10","date_gmt":"2024-02-21T17:53:10","guid":{"rendered":"https:\/\/ondaadvisory.com\/?page_id=633"},"modified":"2024-03-13T17:21:32","modified_gmt":"2024-03-13T16:21:32","slug":"nl-over","status":"publish","type":"page","link":"https:\/\/ondaadvisory.com\/index.php\/nl-over\/","title":{"rendered":"Over"},"content":{"rendered":"\t\t<div data-elementor-type=\"wp-page\" data-elementor-id=\"633\" class=\"elementor elementor-633\" data-elementor-post-type=\"page\">\n\t\t\t\t\t\t\t<div class=\"elementor-element elementor-element-7f0d299 animated-slow e-flex e-con-boxed elementor-invisible e-con e-parent\" data-id=\"7f0d299\" data-element_type=\"container\" data-settings=\"{&quot;animation&quot;:&quot;fadeIn&quot;,&quot;animation_delay&quot;:500,&quot;content_width&quot;:&quot;boxed&quot;}\" data-core-v316-plus=\"true\">\n\t\t\t\t\t<div class=\"e-con-inner\">\n\t\t<div class=\"elementor-element elementor-element-9d51f3a e-con-full e-flex e-con e-child\" data-id=\"9d51f3a\" data-element_type=\"container\" data-settings=\"{&quot;content_width&quot;:&quot;full&quot;}\">\n\t\t\t\t<div class=\"elementor-element elementor-element-f6410a2 elementor-widget elementor-widget-heading\" data-id=\"f6410a2\" data-element_type=\"widget\" data-widget_type=\"heading.default\">\n\t\t\t\t<div class=\"elementor-widget-container\">\n\t\t\t<style>\/*! elementor - v3.18.0 - 20-12-2023 *\/\n.elementor-heading-title{padding:0;margin:0;line-height:1}.elementor-widget-heading .elementor-heading-title[class*=elementor-size-]>a{color:inherit;font-size:inherit;line-height:inherit}.elementor-widget-heading .elementor-heading-title.elementor-size-small{font-size:15px}.elementor-widget-heading .elementor-heading-title.elementor-size-medium{font-size:19px}.elementor-widget-heading .elementor-heading-title.elementor-size-large{font-size:29px}.elementor-widget-heading .elementor-heading-title.elementor-size-xl{font-size:39px}.elementor-widget-heading .elementor-heading-title.elementor-size-xxl{font-size:59px}<\/style><h2 class=\"elementor-heading-title elementor-size-default\">Nice to meet you<\/h2>\t\t<\/div>\n\t\t\t\t<\/div>\n\t\t\t\t<div class=\"elementor-element elementor-element-5971e46 elementor-widget elementor-widget-text-editor\" data-id=\"5971e46\" data-element_type=\"widget\" data-widget_type=\"text-editor.default\">\n\t\t\t\t<div class=\"elementor-widget-container\">\n\t\t\t<style>\/*! elementor - v3.18.0 - 20-12-2023 *\/\n.elementor-widget-text-editor.elementor-drop-cap-view-stacked .elementor-drop-cap{background-color:#69727d;color:#fff}.elementor-widget-text-editor.elementor-drop-cap-view-framed .elementor-drop-cap{color:#69727d;border:3px solid;background-color:transparent}.elementor-widget-text-editor:not(.elementor-drop-cap-view-default) .elementor-drop-cap{margin-top:8px}.elementor-widget-text-editor:not(.elementor-drop-cap-view-default) .elementor-drop-cap-letter{width:1em;height:1em}.elementor-widget-text-editor .elementor-drop-cap{float:left;text-align:center;line-height:1;font-size:50px}.elementor-widget-text-editor .elementor-drop-cap-letter{display:inline-block}<\/style>\t\t\t\t<p>Genesteld in Sardini\u00eb staat Onda Advisory bekend als een baken van financi\u00eble strategie voor startups over de hele wereld. Onze taal is groei, onze missie is helderheid, en onze klanten zijn net zo divers als de sectoren waarin we ons bewegen.<\/p><p>Hier wordt strategie met precisie gebeeldhouwd, zodat jou financi\u00eble visie bloeit over grenzen en markten heen.<\/p>\t\t\t\t\t\t<\/div>\n\t\t\t\t<\/div>\n\t\t\t\t<\/div>\n\t\t<div class=\"elementor-element elementor-element-f142fcb e-con-full e-flex e-con e-child\" data-id=\"f142fcb\" data-element_type=\"container\" data-settings=\"{&quot;content_width&quot;:&quot;full&quot;}\">\n\t\t\t\t<div class=\"elementor-element elementor-element-337dc13 elementor-widget elementor-widget-spacer\" data-id=\"337dc13\" data-element_type=\"widget\" data-widget_type=\"spacer.default\">\n\t\t\t\t<div class=\"elementor-widget-container\">\n\t\t\t<style>\/*! elementor - v3.18.0 - 20-12-2023 *\/\n.elementor-column .elementor-spacer-inner{height:var(--spacer-size)}.e-con{--container-widget-width:100%}.e-con-inner>.elementor-widget-spacer,.e-con>.elementor-widget-spacer{width:var(--container-widget-width,var(--spacer-size));--align-self:var(--container-widget-align-self,initial);--flex-shrink:0}.e-con-inner>.elementor-widget-spacer>.elementor-widget-container,.e-con>.elementor-widget-spacer>.elementor-widget-container{height:100%;width:100%}.e-con-inner>.elementor-widget-spacer>.elementor-widget-container>.elementor-spacer,.e-con>.elementor-widget-spacer>.elementor-widget-container>.elementor-spacer{height:100%}.e-con-inner>.elementor-widget-spacer>.elementor-widget-container>.elementor-spacer>.elementor-spacer-inner,.e-con>.elementor-widget-spacer>.elementor-widget-container>.elementor-spacer>.elementor-spacer-inner{height:var(--container-widget-height,var(--spacer-size))}.e-con-inner>.elementor-widget-spacer.elementor-widget-empty,.e-con>.elementor-widget-spacer.elementor-widget-empty{position:relative;min-height:22px;min-width:22px}.e-con-inner>.elementor-widget-spacer.elementor-widget-empty .elementor-widget-empty-icon,.e-con>.elementor-widget-spacer.elementor-widget-empty .elementor-widget-empty-icon{position:absolute;top:0;bottom:0;left:0;right:0;margin:auto;padding:0;width:22px;height:22px}<\/style>\t\t<div class=\"elementor-spacer\">\n\t\t\t<div class=\"elementor-spacer-inner\"><\/div>\n\t\t<\/div>\n\t\t\t\t<\/div>\n\t\t\t\t<\/div>\n\t\t\t\t<div class=\"elementor-element elementor-element-e66f4a4 elementor-widget elementor-widget-image\" data-id=\"e66f4a4\" data-element_type=\"widget\" data-widget_type=\"image.default\">\n\t\t\t\t<div class=\"elementor-widget-container\">\n\t\t\t<style>\/*! elementor - v3.18.0 - 20-12-2023 *\/\n.elementor-widget-image{text-align:center}.elementor-widget-image a{display:inline-block}.elementor-widget-image a img[src$=\".svg\"]{width:48px}.elementor-widget-image img{vertical-align:middle;display:inline-block}<\/style>\t\t\t\t\t\t\t\t\t\t\t\t<img fetchpriority=\"high\" decoding=\"async\" width=\"768\" height=\"576\" src=\"https:\/\/ondaadvisory.com\/wp-content\/uploads\/2023\/12\/IMG_8648.jpg\" class=\"attachment-medium_large size-medium_large wp-image-60\" alt=\"Nestled in Sardinia\" \/>\t\t\t\t\t\t\t\t\t\t\t\t\t\t\t<\/div>\n\t\t\t\t<\/div>\n\t\t\t\t<div class=\"elementor-element elementor-element-c141602 elementor-widget elementor-widget-spacer\" data-id=\"c141602\" data-element_type=\"widget\" data-widget_type=\"spacer.default\">\n\t\t\t\t<div class=\"elementor-widget-container\">\n\t\t\t\t\t<div class=\"elementor-spacer\">\n\t\t\t<div class=\"elementor-spacer-inner\"><\/div>\n\t\t<\/div>\n\t\t\t\t<\/div>\n\t\t\t\t<\/div>\n\t\t\t\t<\/div>\n\t\t\t\t\t<\/div>\n\t\t\t\t<\/div>\n\t\t<div class=\"elementor-element elementor-element-d9e5362 animated-slow e-flex e-con-boxed elementor-invisible e-con e-parent\" data-id=\"d9e5362\" data-element_type=\"container\" data-settings=\"{&quot;animation&quot;:&quot;fadeIn&quot;,&quot;animation_delay&quot;:500,&quot;content_width&quot;:&quot;boxed&quot;}\" data-core-v316-plus=\"true\">\n\t\t\t\t\t<div class=\"e-con-inner\">\n\t\t<div class=\"elementor-element elementor-element-6ea9630 e-con-full e-flex e-con e-child\" data-id=\"6ea9630\" data-element_type=\"container\" data-settings=\"{&quot;content_width&quot;:&quot;full&quot;}\">\n\t\t\t\t<div class=\"elementor-element elementor-element-c6efeee elementor-widget elementor-widget-heading\" data-id=\"c6efeee\" data-element_type=\"widget\" data-widget_type=\"heading.default\">\n\t\t\t\t<div class=\"elementor-widget-container\">\n\t\t\t<h2 class=\"elementor-heading-title elementor-size-default\">The founder<\/h2>\t\t<\/div>\n\t\t\t\t<\/div>\n\t\t\t\t<div class=\"elementor-element elementor-element-4ab158c elementor-widget elementor-widget-text-editor\" data-id=\"4ab158c\" data-element_type=\"widget\" data-widget_type=\"text-editor.default\">\n\t\t\t\t<div class=\"elementor-widget-container\">\n\t\t\t\t\t\t\t<p>Hi! Ik ben <b>Sofie<\/b>, de drijvende kracht achter <b>Onda<\/b><b> Advisory<\/b>.<\/p><p>Het is mijn passie om start-ups te begeleiden op hun financi\u00eble reis, waarbij ik een brug sla tussen innovatie, creatieve flair en diepgaande financi\u00eble kennis. Met een veelzijdige loopbaan die zich uitstrekt van de corporate wereld tot consultancy in zowel de publieke als private sector, ben ik vertrouwd met een waaier aan culturele en zakelijke contexten.<\/p><p>Onda Advisory is mijn engagement om die ervaring ten dienste te stellen van de groei van start-ups, met een warme aandacht voor vrouwelijke ondernemers die hun dromen najagen. Mijn drijfveren zijn een niet te stillen nieuwsgierigheid, de kracht van samenwerking en een passie om daadwerkelijk verschil te maken\u2014steeds met een fundamenteel respect voor elke samenwerking.<\/p><p>Vanuit het prachtige Sardini\u00eb streef ik ernaar financi\u00eble strategie\u00ebn te ontwikkelen die bedrijven een gestage koers laten varen.<\/p><p><b>Laten we samenwerken om van strategische planning tastbare successen te maken.<\/b><\/p>\t\t\t\t\t\t<\/div>\n\t\t\t\t<\/div>\n\t\t\t\t<\/div>\n\t\t<div class=\"elementor-element elementor-element-1098cf2 e-con-full e-flex e-con e-child\" data-id=\"1098cf2\" data-element_type=\"container\" data-settings=\"{&quot;content_width&quot;:&quot;full&quot;}\">\n\t\t\t\t<div class=\"elementor-element elementor-element-59634a1 elementor-widget elementor-widget-image\" data-id=\"59634a1\" data-element_type=\"widget\" data-widget_type=\"image.default\">\n\t\t\t\t<div class=\"elementor-widget-container\">\n\t\t\t\t\t\t\t\t\t\t\t\t\t\t\t<img decoding=\"async\" width=\"187\" height=\"186\" src=\"https:\/\/ondaadvisory.com\/wp-content\/uploads\/2024\/01\/roundface.jpg\" class=\"attachment-large size-large wp-image-118\" alt=\"\" \/>\t\t\t\t\t\t\t\t\t\t\t\t\t\t\t<\/div>\n\t\t\t\t<\/div>\n\t\t\t\t<div class=\"elementor-element elementor-element-7be9b26 elementor-widget elementor-widget-heading\" data-id=\"7be9b26\" data-element_type=\"widget\" data-widget_type=\"heading.default\">\n\t\t\t\t<div class=\"elementor-widget-container\">\n\t\t\t<h4 class=\"elementor-heading-title elementor-size-default\">Ready to dive in?<\/h4>\t\t<\/div>\n\t\t\t\t<\/div>\n\t\t\t\t<div class=\"elementor-element elementor-element-92ec116 elementor-align-center elementor-widget elementor-widget-button\" data-id=\"92ec116\" data-element_type=\"widget\" data-widget_type=\"button.default\">\n\t\t\t\t<div class=\"elementor-widget-container\">\n\t\t\t\t\t<div class=\"elementor-button-wrapper\">\n\t\t\t<a class=\"elementor-button elementor-button-link elementor-size-sm\" href=\"https:\/\/ondaadvisory.com\/index.php\/nl-contact\/intake-call\/\">\n\t\t\t\t\t\t<span class=\"elementor-button-content-wrapper\">\n\t\t\t\t\t\t<span class=\"elementor-button-text\">Let's talk!<\/span>\n\t\t<\/span>\n\t\t\t\t\t<\/a>\n\t\t<\/div>\n\t\t\t\t<\/div>\n\t\t\t\t<\/div>\n\t\t\t\t<\/div>\n\t\t\t\t\t<\/div>\n\t\t\t\t<\/div>\n\t\t<div class=\"elementor-element elementor-element-be065d3 animated-slow e-flex e-con-boxed elementor-invisible e-con e-parent\" data-id=\"be065d3\" data-element_type=\"container\" data-settings=\"{&quot;animation&quot;:&quot;fadeIn&quot;,&quot;animation_delay&quot;:500,&quot;content_width&quot;:&quot;boxed&quot;}\" data-core-v316-plus=\"true\">\n\t\t\t\t\t<div class=\"e-con-inner\">\n\t\t\t\t<div class=\"elementor-element elementor-element-ee9b559 elementor-widget elementor-widget-spacer\" data-id=\"ee9b559\" data-element_type=\"widget\" data-widget_type=\"spacer.default\">\n\t\t\t\t<div class=\"elementor-widget-container\">\n\t\t\t\t\t<div class=\"elementor-spacer\">\n\t\t\t<div class=\"elementor-spacer-inner\"><\/div>\n\t\t<\/div>\n\t\t\t\t<\/div>\n\t\t\t\t<\/div>\n\t\t\t\t\t<\/div>\n\t\t\t\t<\/div>\n\t\t<div class=\"elementor-element elementor-element-f879f0d animated-slow e-flex e-con-boxed elementor-invisible e-con e-parent\" data-id=\"f879f0d\" data-element_type=\"container\" data-settings=\"{&quot;animation&quot;:&quot;fadeIn&quot;,&quot;animation_delay&quot;:500,&quot;content_width&quot;:&quot;boxed&quot;}\" data-core-v316-plus=\"true\">\n\t\t\t\t\t<div class=\"e-con-inner\">\n\t\t\t\t<div class=\"elementor-element elementor-element-4774096 elementor-widget elementor-widget-heading\" data-id=\"4774096\" data-element_type=\"widget\" data-widget_type=\"heading.default\">\n\t\t\t\t<div class=\"elementor-widget-container\">\n\t\t\t<h2 class=\"elementor-heading-title elementor-size-default\">Een overzicht van onze diensten<\/h2>\t\t<\/div>\n\t\t\t\t<\/div>\n\t\t\t\t<div class=\"elementor-element elementor-element-b955c40 elementor-widget elementor-widget-button\" data-id=\"b955c40\" data-element_type=\"widget\" data-widget_type=\"button.default\">\n\t\t\t\t<div class=\"elementor-widget-container\">\n\t\t\t\t\t<div class=\"elementor-button-wrapper\">\n\t\t\t<a class=\"elementor-button elementor-button-link elementor-size-sm\" href=\"https:\/\/ondaadvisory.com\/index.php\/nl-services\/\">\n\t\t\t\t\t\t<span class=\"elementor-button-content-wrapper\">\n\t\t\t\t\t\t<span class=\"elementor-button-text\">Ontdek ze hier<\/span>\n\t\t<\/span>\n\t\t\t\t\t<\/a>\n\t\t<\/div>\n\t\t\t\t<\/div>\n\t\t\t\t<\/div>\n\t\t\t\t<div class=\"elementor-element elementor-element-7feea50 elementor-widget elementor-widget-spacer\" data-id=\"7feea50\" data-element_type=\"widget\" data-widget_type=\"spacer.default\">\n\t\t\t\t<div class=\"elementor-widget-container\">\n\t\t\t\t\t<div class=\"elementor-spacer\">\n\t\t\t<div class=\"elementor-spacer-inner\"><\/div>\n\t\t<\/div>\n\t\t\t\t<\/div>\n\t\t\t\t<\/div>\n\t\t\t\t\t<\/div>\n\t\t\t\t<\/div>\n\t\t\t\t\t\t\t<\/div>\n\t\t","protected":false},"excerpt":{"rendered":"<p>Nice to meet you Genesteld in Sardini\u00eb staat Onda Advisory bekend als een baken van financi\u00eble strategie voor startups over de hele wereld. Onze taal is groei, onze missie is helderheid, en onze klanten zijn net zo divers als de sectoren waarin we ons bewegen. Hier wordt strategie met precisie gebeeldhouwd, zodat jou financi\u00eble visie [&hellip;]<\/p>\n","protected":false},"author":1,"featured_media":0,"parent":0,"menu_order":0,"comment_status":"closed","ping_status":"closed","template":"","meta":{"footnotes":""},"yoast_head":"<!-- This site is optimized with the Yoast SEO plugin v22.0 - https:\/\/yoast.com\/wordpress\/plugins\/seo\/ -->\n<title>Over - Onda Advisory<\/title>\n<meta name=\"description\" content=\"Ontmoet Sofie van Onda Advisory, uw financi\u00eble strateeg die ervoor zorgt dat jij kan focussen op wat je wilt, zonder het financi\u00eble plaatje uit het oog te verliezen.\" \/>\n<meta name=\"robots\" content=\"index, follow, max-snippet:-1, max-image-preview:large, max-video-preview:-1\" \/>\n<link rel=\"canonical\" href=\"https:\/\/ondaadvisory.com\/index.php\/nl-over\/\" \/>\n<meta property=\"og:locale\" content=\"en_GB\" \/>\n<meta property=\"og:type\" content=\"article\" \/>\n<meta property=\"og:title\" content=\"Over - Onda Advisory\" \/>\n<meta property=\"og:description\" content=\"Ontmoet Sofie van Onda Advisory, uw financi\u00eble strateeg die ervoor zorgt dat jij kan focussen op wat je wilt, zonder het financi\u00eble plaatje uit het oog te verliezen.\" \/>\n<meta property=\"og:url\" content=\"https:\/\/ondaadvisory.com\/index.php\/nl-over\/\" \/>\n<meta property=\"og:site_name\" content=\"Onda Advisory\" \/>\n<meta property=\"article:modified_time\" content=\"2024-03-13T16:21:32+00:00\" \/>\n<meta property=\"og:image\" content=\"https:\/\/ondaadvisory.com\/wp-content\/uploads\/2023\/12\/IMG_8648.jpg\" \/>\n<meta name=\"twitter:card\" content=\"summary_large_image\" \/>\n<meta name=\"twitter:label1\" content=\"Estimated reading time\" \/>\n\t<meta name=\"twitter:data1\" content=\"2 minutes\" \/>\n<script type=\"application\/ld+json\" class=\"yoast-schema-graph\">{\"@context\":\"https:\/\/schema.org\",\"@graph\":[{\"@type\":\"WebPage\",\"@id\":\"https:\/\/ondaadvisory.com\/index.php\/nl-over\/\",\"url\":\"https:\/\/ondaadvisory.com\/index.php\/nl-over\/\",\"name\":\"Over - Onda Advisory\",\"isPartOf\":{\"@id\":\"https:\/\/ondaadvisory.com\/#website\"},\"datePublished\":\"2024-02-21T17:53:10+00:00\",\"dateModified\":\"2024-03-13T16:21:32+00:00\",\"description\":\"Ontmoet Sofie van Onda Advisory, uw financi\u00eble strateeg die ervoor zorgt dat jij kan focussen op wat je wilt, zonder het financi\u00eble plaatje uit het oog te verliezen.\",\"breadcrumb\":{\"@id\":\"https:\/\/ondaadvisory.com\/index.php\/nl-over\/#breadcrumb\"},\"inLanguage\":\"en-GB\",\"potentialAction\":[{\"@type\":\"ReadAction\",\"target\":[\"https:\/\/ondaadvisory.com\/index.php\/nl-over\/\"]}]},{\"@type\":\"BreadcrumbList\",\"@id\":\"https:\/\/ondaadvisory.com\/index.php\/nl-over\/#breadcrumb\",\"itemListElement\":[{\"@type\":\"ListItem\",\"position\":1,\"name\":\"Home\",\"item\":\"https:\/\/ondaadvisory.com\/\"},{\"@type\":\"ListItem\",\"position\":2,\"name\":\"Over\"}]},{\"@type\":\"WebSite\",\"@id\":\"https:\/\/ondaadvisory.com\/#website\",\"url\":\"https:\/\/ondaadvisory.com\/\",\"name\":\"Onda Advisory\",\"description\":\"Empowering startups to make waves in the market with strategic financial guidance.\",\"publisher\":{\"@id\":\"https:\/\/ondaadvisory.com\/#organization\"},\"potentialAction\":[{\"@type\":\"SearchAction\",\"target\":{\"@type\":\"EntryPoint\",\"urlTemplate\":\"https:\/\/ondaadvisory.com\/?s={search_term_string}\"},\"query-input\":\"required name=search_term_string\"}],\"inLanguage\":\"en-GB\"},{\"@type\":\"Organization\",\"@id\":\"https:\/\/ondaadvisory.com\/#organization\",\"name\":\"Onda Advisory\",\"url\":\"https:\/\/ondaadvisory.com\/\",\"logo\":{\"@type\":\"ImageObject\",\"inLanguage\":\"en-GB\",\"@id\":\"https:\/\/ondaadvisory.com\/#\/schema\/logo\/image\/\",\"url\":\"https:\/\/ondaadvisory.com\/wp-content\/uploads\/2023\/12\/ONDA-Advisory-LOGO-round.png\",\"contentUrl\":\"https:\/\/ondaadvisory.com\/wp-content\/uploads\/2023\/12\/ONDA-Advisory-LOGO-round.png\",\"width\":720,\"height\":720,\"caption\":\"Onda Advisory\"},\"image\":{\"@id\":\"https:\/\/ondaadvisory.com\/#\/schema\/logo\/image\/\"},\"sameAs\":[\"https:\/\/www.linkedin.com\/company\/onda-advisory\/\"]}]}<\/script>\n<!-- \/ Yoast SEO plugin. -->","yoast_head_json":{"title":"Over - Onda Advisory","description":"Ontmoet Sofie van Onda Advisory, uw financi\u00eble strateeg die ervoor zorgt dat jij kan focussen op wat je wilt, zonder het financi\u00eble plaatje uit het oog te verliezen.","robots":{"index":"index","follow":"follow","max-snippet":"max-snippet:-1","max-image-preview":"max-image-preview:large","max-video-preview":"max-video-preview:-1"},"canonical":"https:\/\/ondaadvisory.com\/index.php\/nl-over\/","og_locale":"en_GB","og_type":"article","og_title":"Over - Onda Advisory","og_description":"Ontmoet Sofie van Onda Advisory, uw financi\u00eble strateeg die ervoor zorgt dat jij kan focussen op wat je wilt, zonder het financi\u00eble plaatje uit het oog te verliezen.","og_url":"https:\/\/ondaadvisory.com\/index.php\/nl-over\/","og_site_name":"Onda Advisory","article_modified_time":"2024-03-13T16:21:32+00:00","og_image":[{"url":"https:\/\/ondaadvisory.com\/wp-content\/uploads\/2023\/12\/IMG_8648.jpg"}],"twitter_card":"summary_large_image","twitter_misc":{"Estimated reading time":"2 minutes"},"schema":{"@context":"https:\/\/schema.org","@graph":[{"@type":"WebPage","@id":"https:\/\/ondaadvisory.com\/index.php\/nl-over\/","url":"https:\/\/ondaadvisory.com\/index.php\/nl-over\/","name":"Over - Onda Advisory","isPartOf":{"@id":"https:\/\/ondaadvisory.com\/#website"},"datePublished":"2024-02-21T17:53:10+00:00","dateModified":"2024-03-13T16:21:32+00:00","description":"Ontmoet Sofie van Onda Advisory, uw financi\u00eble strateeg die ervoor zorgt dat jij kan focussen op wat je wilt, zonder het financi\u00eble plaatje uit het oog te verliezen.","breadcrumb":{"@id":"https:\/\/ondaadvisory.com\/index.php\/nl-over\/#breadcrumb"},"inLanguage":"en-GB","potentialAction":[{"@type":"ReadAction","target":["https:\/\/ondaadvisory.com\/index.php\/nl-over\/"]}]},{"@type":"BreadcrumbList","@id":"https:\/\/ondaadvisory.com\/index.php\/nl-over\/#breadcrumb","itemListElement":[{"@type":"ListItem","position":1,"name":"Home","item":"https:\/\/ondaadvisory.com\/"},{"@type":"ListItem","position":2,"name":"Over"}]},{"@type":"WebSite","@id":"https:\/\/ondaadvisory.com\/#website","url":"https:\/\/ondaadvisory.com\/","name":"Onda Advisory","description":"Empowering startups to make waves in the market with strategic financial guidance.","publisher":{"@id":"https:\/\/ondaadvisory.com\/#organization"},"potentialAction":[{"@type":"SearchAction","target":{"@type":"EntryPoint","urlTemplate":"https:\/\/ondaadvisory.com\/?s={search_term_string}"},"query-input":"required name=search_term_string"}],"inLanguage":"en-GB"},{"@type":"Organization","@id":"https:\/\/ondaadvisory.com\/#organization","name":"Onda Advisory","url":"https:\/\/ondaadvisory.com\/","logo":{"@type":"ImageObject","inLanguage":"en-GB","@id":"https:\/\/ondaadvisory.com\/#\/schema\/logo\/image\/","url":"https:\/\/ondaadvisory.com\/wp-content\/uploads\/2023\/12\/ONDA-Advisory-LOGO-round.png","contentUrl":"https:\/\/ondaadvisory.com\/wp-content\/uploads\/2023\/12\/ONDA-Advisory-LOGO-round.png","width":720,"height":720,"caption":"Onda Advisory"},"image":{"@id":"https:\/\/ondaadvisory.com\/#\/schema\/logo\/image\/"},"sameAs":["https:\/\/www.linkedin.com\/company\/onda-advisory\/"]}]}},"_links":{"self":[{"href":"https:\/\/ondaadvisory.com\/index.php\/wp-json\/wp\/v2\/pages\/633"}],"collection":[{"href":"https:\/\/ondaadvisory.com\/index.php\/wp-json\/wp\/v2\/pages"}],"about":[{"href":"https:\/\/ondaadvisory.com\/index.php\/wp-json\/wp\/v2\/types\/page"}],"author":[{"embeddable":true,"href":"https:\/\/ondaadvisory.com\/index.php\/wp-json\/wp\/v2\/users\/1"}],"replies":[{"embeddable":true,"href":"https:\/\/ondaadvisory.com\/index.php\/wp-json\/wp\/v2\/comments?post=633"}],"version-history":[{"count":10,"href":"https:\/\/ondaadvisory.com\/index.php\/wp-json\/wp\/v2\/pages\/633\/revisions"}],"predecessor-version":[{"id":791,"href":"https:\/\/ondaadvisory.com\/index.php\/wp-json\/wp\/v2\/pages\/633\/revisions\/791"}],"wp:attachment":[{"href":"https:\/\/ondaadvisory.com\/index.php\/wp-json\/wp\/v2\/media?parent=633"}],"curies":[{"name":"wp","href":"https:\/\/api.w.org\/{rel}","templated":true}]}}