{"id":619,"date":"2024-02-21T18:34:00","date_gmt":"2024-02-21T17:34:00","guid":{"rendered":"https:\/\/ondaadvisory.com\/?page_id=619"},"modified":"2024-03-13T17:23:31","modified_gmt":"2024-03-13T16:23:31","slug":"nl-home-onda-advisory","status":"publish","type":"page","link":"https:\/\/ondaadvisory.com\/index.php\/nl-home-onda-advisory\/","title":{"rendered":"Home"},"content":{"rendered":"\t\t<div data-elementor-type=\"wp-page\" data-elementor-id=\"619\" class=\"elementor elementor-619\" data-elementor-post-type=\"page\">\n\t\t\t\t\t\t\t<div class=\"elementor-element elementor-element-4da3bf8 e-flex e-con-boxed e-con e-parent\" data-id=\"4da3bf8\" data-element_type=\"container\" data-settings=\"{&quot;content_width&quot;:&quot;boxed&quot;}\" data-core-v316-plus=\"true\">\n\t\t\t\t\t<div class=\"e-con-inner\">\n\t\t\t\t<div class=\"elementor-element elementor-element-5467ee5 elementor-widget elementor-widget-spacer\" data-id=\"5467ee5\" data-element_type=\"widget\" data-widget_type=\"spacer.default\">\n\t\t\t\t<div class=\"elementor-widget-container\">\n\t\t\t<style>\/*! elementor - v3.18.0 - 20-12-2023 *\/\n.elementor-column .elementor-spacer-inner{height:var(--spacer-size)}.e-con{--container-widget-width:100%}.e-con-inner>.elementor-widget-spacer,.e-con>.elementor-widget-spacer{width:var(--container-widget-width,var(--spacer-size));--align-self:var(--container-widget-align-self,initial);--flex-shrink:0}.e-con-inner>.elementor-widget-spacer>.elementor-widget-container,.e-con>.elementor-widget-spacer>.elementor-widget-container{height:100%;width:100%}.e-con-inner>.elementor-widget-spacer>.elementor-widget-container>.elementor-spacer,.e-con>.elementor-widget-spacer>.elementor-widget-container>.elementor-spacer{height:100%}.e-con-inner>.elementor-widget-spacer>.elementor-widget-container>.elementor-spacer>.elementor-spacer-inner,.e-con>.elementor-widget-spacer>.elementor-widget-container>.elementor-spacer>.elementor-spacer-inner{height:var(--container-widget-height,var(--spacer-size))}.e-con-inner>.elementor-widget-spacer.elementor-widget-empty,.e-con>.elementor-widget-spacer.elementor-widget-empty{position:relative;min-height:22px;min-width:22px}.e-con-inner>.elementor-widget-spacer.elementor-widget-empty .elementor-widget-empty-icon,.e-con>.elementor-widget-spacer.elementor-widget-empty .elementor-widget-empty-icon{position:absolute;top:0;bottom:0;left:0;right:0;margin:auto;padding:0;width:22px;height:22px}<\/style>\t\t<div class=\"elementor-spacer\">\n\t\t\t<div class=\"elementor-spacer-inner\"><\/div>\n\t\t<\/div>\n\t\t\t\t<\/div>\n\t\t\t\t<\/div>\n\t\t\t\t\t<\/div>\n\t\t\t\t<\/div>\n\t\t<div class=\"elementor-element elementor-element-27fc9ba e-con-full e-flex e-con e-parent\" data-id=\"27fc9ba\" data-element_type=\"container\" data-settings=\"{&quot;content_width&quot;:&quot;full&quot;}\" data-core-v316-plus=\"true\">\n\t\t\t\t<div class=\"elementor-element elementor-element-380e2f4 elementor-widget elementor-widget-heading\" data-id=\"380e2f4\" data-element_type=\"widget\" data-widget_type=\"heading.default\">\n\t\t\t\t<div class=\"elementor-widget-container\">\n\t\t\t<style>\/*! elementor - v3.18.0 - 20-12-2023 *\/\n.elementor-heading-title{padding:0;margin:0;line-height:1}.elementor-widget-heading .elementor-heading-title[class*=elementor-size-]>a{color:inherit;font-size:inherit;line-height:inherit}.elementor-widget-heading .elementor-heading-title.elementor-size-small{font-size:15px}.elementor-widget-heading .elementor-heading-title.elementor-size-medium{font-size:19px}.elementor-widget-heading .elementor-heading-title.elementor-size-large{font-size:29px}.elementor-widget-heading .elementor-heading-title.elementor-size-xl{font-size:39px}.elementor-widget-heading .elementor-heading-title.elementor-size-xxl{font-size:59px}<\/style><h1 class=\"elementor-heading-title elementor-size-default\">Welkom bij Onda Advisory<\/h1>\t\t<\/div>\n\t\t\t\t<\/div>\n\t\t\t\t<div class=\"elementor-element elementor-element-ef1105e elementor-widget elementor-widget-text-editor\" data-id=\"ef1105e\" data-element_type=\"widget\" data-widget_type=\"text-editor.default\">\n\t\t\t\t<div class=\"elementor-widget-container\">\n\t\t\t<style>\/*! elementor - v3.18.0 - 20-12-2023 *\/\n.elementor-widget-text-editor.elementor-drop-cap-view-stacked .elementor-drop-cap{background-color:#69727d;color:#fff}.elementor-widget-text-editor.elementor-drop-cap-view-framed .elementor-drop-cap{color:#69727d;border:3px solid;background-color:transparent}.elementor-widget-text-editor:not(.elementor-drop-cap-view-default) .elementor-drop-cap{margin-top:8px}.elementor-widget-text-editor:not(.elementor-drop-cap-view-default) .elementor-drop-cap-letter{width:1em;height:1em}.elementor-widget-text-editor .elementor-drop-cap{float:left;text-align:center;line-height:1;font-size:50px}.elementor-widget-text-editor .elementor-drop-cap-letter{display:inline-block}<\/style>\t\t\t\t<p>Empowering startups to make waves in the market with strategic financial guidance.<\/p>\t\t\t\t\t\t<\/div>\n\t\t\t\t<\/div>\n\t\t\t\t<div class=\"elementor-element elementor-element-cfdbf83 elementor-widget elementor-widget-spacer\" data-id=\"cfdbf83\" data-element_type=\"widget\" data-widget_type=\"spacer.default\">\n\t\t\t\t<div class=\"elementor-widget-container\">\n\t\t\t\t\t<div class=\"elementor-spacer\">\n\t\t\t<div class=\"elementor-spacer-inner\"><\/div>\n\t\t<\/div>\n\t\t\t\t<\/div>\n\t\t\t\t<\/div>\n\t\t\t\t<div class=\"elementor-element elementor-element-52cf74e elementor-widget elementor-widget-image\" data-id=\"52cf74e\" data-element_type=\"widget\" data-widget_type=\"image.default\">\n\t\t\t\t<div class=\"elementor-widget-container\">\n\t\t\t<style>\/*! elementor - v3.18.0 - 20-12-2023 *\/\n.elementor-widget-image{text-align:center}.elementor-widget-image a{display:inline-block}.elementor-widget-image a img[src$=\".svg\"]{width:48px}.elementor-widget-image img{vertical-align:middle;display:inline-block}<\/style>\t\t\t\t\t\t\t\t\t\t\t\t<img fetchpriority=\"high\" decoding=\"async\" width=\"1605\" height=\"182\" src=\"https:\/\/ondaadvisory.com\/wp-content\/uploads\/2023\/12\/DALL\u00b7E-2023-12-20-17.56.25-A-wide-horizontal-banner-completely-filled-with-minimalistic-flowing-waves.-The-entire-banner-should-feature-a-repetitive-pattern-of-simple-elegant-Copy.png\" class=\"attachment-full size-full wp-image-75\" alt=\"Onda Advisory Empowering startups to make waves in the market with strategic financial guidance. #StartupFinance #FinancialStrategies #BusinessStrategy #Entrepreneurship #BusinessGrowth\" \/>\t\t\t\t\t\t\t\t\t\t\t\t\t\t\t<\/div>\n\t\t\t\t<\/div>\n\t\t\t\t<\/div>\n\t\t<div class=\"elementor-element elementor-element-08a10b1 e-flex e-con-boxed e-con e-parent\" data-id=\"08a10b1\" data-element_type=\"container\" data-settings=\"{&quot;content_width&quot;:&quot;boxed&quot;}\" data-core-v316-plus=\"true\">\n\t\t\t\t\t<div class=\"e-con-inner\">\n\t\t\t\t<div class=\"elementor-element elementor-element-bfc20a7 elementor-widget elementor-widget-spacer\" data-id=\"bfc20a7\" data-element_type=\"widget\" data-widget_type=\"spacer.default\">\n\t\t\t\t<div class=\"elementor-widget-container\">\n\t\t\t\t\t<div class=\"elementor-spacer\">\n\t\t\t<div class=\"elementor-spacer-inner\"><\/div>\n\t\t<\/div>\n\t\t\t\t<\/div>\n\t\t\t\t<\/div>\n\t\t\t\t\t<\/div>\n\t\t\t\t<\/div>\n\t\t<div class=\"elementor-element elementor-element-bd14016 animated-slow e-flex e-con-boxed elementor-invisible e-con e-parent\" data-id=\"bd14016\" data-element_type=\"container\" data-settings=\"{&quot;background_background&quot;:&quot;classic&quot;,&quot;animation&quot;:&quot;fadeIn&quot;,&quot;animation_delay&quot;:100,&quot;content_width&quot;:&quot;boxed&quot;}\" data-core-v316-plus=\"true\">\n\t\t\t\t\t<div class=\"e-con-inner\">\n\t\t<div class=\"elementor-element elementor-element-1cf66a4 e-con-full e-flex e-con e-child\" data-id=\"1cf66a4\" data-element_type=\"container\" data-settings=\"{&quot;content_width&quot;:&quot;full&quot;}\">\n\t\t\t\t<div class=\"elementor-element elementor-element-0c00e55 elementor-widget elementor-widget-image\" data-id=\"0c00e55\" data-element_type=\"widget\" data-widget_type=\"image.default\">\n\t\t\t\t<div class=\"elementor-widget-container\">\n\t\t\t\t\t\t\t\t\t\t\t\t\t\t\t<img decoding=\"async\" width=\"150\" height=\"150\" src=\"https:\/\/ondaadvisory.com\/wp-content\/uploads\/2023\/12\/ONDA-Advisory-LOGO-round.png\" class=\"attachment-thumbnail size-thumbnail wp-image-21\" alt=\"Onda Advisory Empowering startups to make waves in the market with strategic financial guidance. #StartupFinance #FinancialStrategies #BusinessStrategy #Entrepreneurship #BusinessGrowth\" \/>\t\t\t\t\t\t\t\t\t\t\t\t\t\t\t<\/div>\n\t\t\t\t<\/div>\n\t\t\t\t<\/div>\n\t\t<div class=\"elementor-element elementor-element-1a9bb81 e-con-full animated-slow e-flex elementor-invisible e-con e-child\" data-id=\"1a9bb81\" data-element_type=\"container\" data-settings=\"{&quot;content_width&quot;:&quot;full&quot;,&quot;animation&quot;:&quot;fadeIn&quot;,&quot;animation_delay&quot;:500}\">\n\t\t\t\t<div class=\"elementor-element elementor-element-ec2dc1f elementor-widget elementor-widget-heading\" data-id=\"ec2dc1f\" data-element_type=\"widget\" data-widget_type=\"heading.default\">\n\t\t\t\t<div class=\"elementor-widget-container\">\n\t\t\t<h2 class=\"elementor-heading-title elementor-size-default\">Onze services<\/h2>\t\t<\/div>\n\t\t\t\t<\/div>\n\t\t\t\t<div class=\"elementor-element elementor-element-dae5325 elementor-widget elementor-widget-text-editor\" data-id=\"dae5325\" data-element_type=\"widget\" data-widget_type=\"text-editor.default\">\n\t\t\t\t<div class=\"elementor-widget-container\">\n\t\t\t\t\t\t\t<ul><li>De financi\u00eble bouwstenen voor startups<\/li><li>Financiering: de springplank naar succes<\/li><li>Strategische financi\u00eble &#8216;health check&#8217;<\/li><\/ul>\t\t\t\t\t\t<\/div>\n\t\t\t\t<\/div>\n\t\t\t\t<div class=\"elementor-element elementor-element-183c165 elementor-align-left elementor-widget elementor-widget-button\" data-id=\"183c165\" data-element_type=\"widget\" data-widget_type=\"button.default\">\n\t\t\t\t<div class=\"elementor-widget-container\">\n\t\t\t\t\t<div class=\"elementor-button-wrapper\">\n\t\t\t<a class=\"elementor-button elementor-button-link elementor-size-sm\" href=\"https:\/\/ondaadvisory.com\/index.php\/nl-services\/\" id=\"viewallservices\">\n\t\t\t\t\t\t<span class=\"elementor-button-content-wrapper\">\n\t\t\t\t\t\t<span class=\"elementor-button-text\">Bekijk onze services<\/span>\n\t\t<\/span>\n\t\t\t\t\t<\/a>\n\t\t<\/div>\n\t\t\t\t<\/div>\n\t\t\t\t<\/div>\n\t\t\t\t<\/div>\n\t\t\t\t\t<\/div>\n\t\t\t\t<\/div>\n\t\t<div class=\"elementor-element elementor-element-783ef0e animated-slow e-flex e-con-boxed elementor-invisible e-con e-parent\" data-id=\"783ef0e\" data-element_type=\"container\" data-settings=\"{&quot;animation&quot;:&quot;fadeIn&quot;,&quot;animation_delay&quot;:100,&quot;content_width&quot;:&quot;boxed&quot;}\" data-core-v316-plus=\"true\">\n\t\t\t\t\t<div class=\"e-con-inner\">\n\t\t\t\t<div class=\"elementor-element elementor-element-477f70c elementor-widget elementor-widget-spacer\" data-id=\"477f70c\" data-element_type=\"widget\" data-widget_type=\"spacer.default\">\n\t\t\t\t<div class=\"elementor-widget-container\">\n\t\t\t\t\t<div class=\"elementor-spacer\">\n\t\t\t<div class=\"elementor-spacer-inner\"><\/div>\n\t\t<\/div>\n\t\t\t\t<\/div>\n\t\t\t\t<\/div>\n\t\t\t\t<div class=\"elementor-element elementor-element-ebf109c elementor-widget elementor-widget-text-editor\" data-id=\"ebf109c\" data-element_type=\"widget\" data-widget_type=\"text-editor.default\">\n\t\t\t\t<div class=\"elementor-widget-container\">\n\t\t\t\t\t\t\t<p>Bij Onda Advisory zijn we toegewijd aan de groei en vernieuwing van start-ups. We snappen als geen ander de uitdagingen waar jij als ondernemer tegenaan loopt en bieden meer dan alleen advies; wij zijn jouw partner in dit traject.<\/p><p>Een vaak over het hoofd gezien feit is dat strategische beslissingen hand in hand gaan met financi\u00eble implicaties. Daarom ondersteunen we je met doordachte financi\u00eble strategie\u00ebn en hands-on oplossingen die je in staat stellen de beste keuzes te maken, met een duidelijk zicht op de financi\u00eble toekomst van je bedrijf.<\/p><p>Met Onda Advisory aan je zijde kan je je concentreren op jouw ambities, terwijl wij de essenti\u00eble financi\u00eble inzichten leveren voor jouw succes.<\/p><p><strong>Kies voor Onda Advisory als je partner in dit avontuur; samen ontwikkelen we een strategische planning die leidt tot verbluffende prestaties.<\/strong><\/p>\t\t\t\t\t\t<\/div>\n\t\t\t\t<\/div>\n\t\t\t\t\t<\/div>\n\t\t\t\t<\/div>\n\t\t<div class=\"elementor-element elementor-element-1e711be e-flex e-con-boxed e-con e-parent\" data-id=\"1e711be\" data-element_type=\"container\" data-settings=\"{&quot;content_width&quot;:&quot;boxed&quot;}\" data-core-v316-plus=\"true\">\n\t\t\t\t\t<div class=\"e-con-inner\">\n\t\t\t\t<div class=\"elementor-element elementor-element-ab8a284 elementor-widget elementor-widget-spacer\" data-id=\"ab8a284\" data-element_type=\"widget\" data-widget_type=\"spacer.default\">\n\t\t\t\t<div class=\"elementor-widget-container\">\n\t\t\t\t\t<div class=\"elementor-spacer\">\n\t\t\t<div class=\"elementor-spacer-inner\"><\/div>\n\t\t<\/div>\n\t\t\t\t<\/div>\n\t\t\t\t<\/div>\n\t\t\t\t\t<\/div>\n\t\t\t\t<\/div>\n\t\t<div class=\"elementor-element elementor-element-abd44ce animated-slow e-flex e-con-boxed elementor-invisible e-con e-parent\" data-id=\"abd44ce\" data-element_type=\"container\" data-settings=\"{&quot;background_background&quot;:&quot;classic&quot;,&quot;animation&quot;:&quot;fadeIn&quot;,&quot;animation_delay&quot;:100,&quot;content_width&quot;:&quot;boxed&quot;}\" data-core-v316-plus=\"true\">\n\t\t\t\t\t<div class=\"e-con-inner\">\n\t\t<div class=\"elementor-element elementor-element-b6df3c3 e-con-full e-flex e-con e-child\" data-id=\"b6df3c3\" data-element_type=\"container\" data-settings=\"{&quot;content_width&quot;:&quot;full&quot;}\">\n\t\t\t\t<div class=\"elementor-element elementor-element-a7dcd97 elementor-widget elementor-widget-image\" data-id=\"a7dcd97\" data-element_type=\"widget\" data-widget_type=\"image.default\">\n\t\t\t\t<div class=\"elementor-widget-container\">\n\t\t\t\t\t\t\t\t\t\t\t\t\t\t\t<img decoding=\"async\" width=\"225\" height=\"300\" src=\"https:\/\/ondaadvisory.com\/wp-content\/uploads\/2023\/12\/c7002154-87e4-45b3-a6f4-7e45d341be87-1.jpg\" class=\"attachment-medium size-medium wp-image-59\" alt=\"Onda Advisory Empowering startups to make waves in the market with strategic financial guidance. #StartupFinance #FinancialStrategies #BusinessStrategy #Entrepreneurship #BusinessGrowth\" \/>\t\t\t\t\t\t\t\t\t\t\t\t\t\t\t<\/div>\n\t\t\t\t<\/div>\n\t\t\t\t<\/div>\n\t\t<div class=\"elementor-element elementor-element-94e7b70 e-con-full e-flex e-con e-child\" data-id=\"94e7b70\" data-element_type=\"container\" data-settings=\"{&quot;content_width&quot;:&quot;full&quot;}\">\n\t\t\t\t<div class=\"elementor-element elementor-element-8bb84d7 elementor-widget elementor-widget-heading\" data-id=\"8bb84d7\" data-element_type=\"widget\" data-widget_type=\"heading.default\">\n\t\t\t\t<div class=\"elementor-widget-container\">\n\t\t\t<h2 class=\"elementor-heading-title elementor-size-default\">Nice to meet you<\/h2>\t\t<\/div>\n\t\t\t\t<\/div>\n\t\t\t\t<div class=\"elementor-element elementor-element-e1f161f elementor-widget elementor-widget-spacer\" data-id=\"e1f161f\" data-element_type=\"widget\" data-widget_type=\"spacer.default\">\n\t\t\t\t<div class=\"elementor-widget-container\">\n\t\t\t\t\t<div class=\"elementor-spacer\">\n\t\t\t<div class=\"elementor-spacer-inner\"><\/div>\n\t\t<\/div>\n\t\t\t\t<\/div>\n\t\t\t\t<\/div>\n\t\t\t\t<div class=\"elementor-element elementor-element-f602ff3 elementor-widget elementor-widget-text-editor\" data-id=\"f602ff3\" data-element_type=\"widget\" data-widget_type=\"text-editor.default\">\n\t\t\t\t<div class=\"elementor-widget-container\">\n\t\t\t\t\t\t\t<p>Hi! Ik ben Sofie, de drijvende kracht achter Onda Advisory.<br \/>Lees <a href=\"https:\/\/ondaadvisory.com\/index.php\/nl-over\/\">hier<\/a> meer over Onda Advisory.<\/p><p>Of boek meteen een intakegesprek en kies een tijdslot om kennis te maken!<\/p>\t\t\t\t\t\t<\/div>\n\t\t\t\t<\/div>\n\t\t\t\t<div class=\"elementor-element elementor-element-05fc782 elementor-widget elementor-widget-button\" data-id=\"05fc782\" data-element_type=\"widget\" data-widget_type=\"button.default\">\n\t\t\t\t<div class=\"elementor-widget-container\">\n\t\t\t\t\t<div class=\"elementor-button-wrapper\">\n\t\t\t<a class=\"elementor-button elementor-button-link elementor-size-sm\" href=\"https:\/\/ondaadvisory.com\/index.php\/nl-contact\/intake-call\/\">\n\t\t\t\t\t\t<span class=\"elementor-button-content-wrapper\">\n\t\t\t\t\t\t<span class=\"elementor-button-text\">Boek een intakegesprek<\/span>\n\t\t<\/span>\n\t\t\t\t\t<\/a>\n\t\t<\/div>\n\t\t\t\t<\/div>\n\t\t\t\t<\/div>\n\t\t\t\t<\/div>\n\t\t\t\t\t<\/div>\n\t\t\t\t<\/div>\n\t\t<div class=\"elementor-element elementor-element-0f83791 e-flex e-con-boxed e-con e-parent\" data-id=\"0f83791\" data-element_type=\"container\" data-settings=\"{&quot;content_width&quot;:&quot;boxed&quot;}\" data-core-v316-plus=\"true\">\n\t\t\t\t\t<div class=\"e-con-inner\">\n\t\t\t\t<div class=\"elementor-element elementor-element-2aae38a elementor-widget elementor-widget-spacer\" data-id=\"2aae38a\" data-element_type=\"widget\" data-widget_type=\"spacer.default\">\n\t\t\t\t<div class=\"elementor-widget-container\">\n\t\t\t\t\t<div class=\"elementor-spacer\">\n\t\t\t<div class=\"elementor-spacer-inner\"><\/div>\n\t\t<\/div>\n\t\t\t\t<\/div>\n\t\t\t\t<\/div>\n\t\t\t\t\t<\/div>\n\t\t\t\t<\/div>\n\t\t\t\t\t\t\t<\/div>\n\t\t","protected":false},"excerpt":{"rendered":"<p>Welkom bij Onda Advisory Empowering startups to make waves in the market with strategic financial guidance. Onze services De financi\u00eble bouwstenen voor startups Financiering: de springplank naar succes Strategische financi\u00eble &#8216;health check&#8217; Bekijk onze services Bij Onda Advisory zijn we toegewijd aan de groei en vernieuwing van start-ups. We snappen als geen ander de uitdagingen [&hellip;]<\/p>\n","protected":false},"author":1,"featured_media":0,"parent":0,"menu_order":0,"comment_status":"closed","ping_status":"closed","template":"","meta":{"footnotes":""},"yoast_head":"<!-- This site is optimized with the Yoast SEO plugin v22.0 - https:\/\/yoast.com\/wordpress\/plugins\/seo\/ -->\n<title>Home - Onda Advisory<\/title>\n<meta name=\"description\" content=\"Partner met Onda Advisory voor strategische financi\u00eble inzichten die uw startup naar duurzame groei en succes leiden.\" \/>\n<meta name=\"robots\" content=\"index, follow, max-snippet:-1, max-image-preview:large, max-video-preview:-1\" \/>\n<link rel=\"canonical\" href=\"https:\/\/ondaadvisory.com\/index.php\/nl-home-onda-advisory\/\" \/>\n<meta property=\"og:locale\" content=\"en_GB\" \/>\n<meta property=\"og:type\" content=\"article\" \/>\n<meta property=\"og:title\" content=\"Home - Onda Advisory\" \/>\n<meta property=\"og:description\" content=\"Partner met Onda Advisory voor strategische financi\u00eble inzichten die uw startup naar duurzame groei en succes leiden.\" \/>\n<meta property=\"og:url\" content=\"https:\/\/ondaadvisory.com\/index.php\/nl-home-onda-advisory\/\" \/>\n<meta property=\"og:site_name\" content=\"Onda Advisory\" \/>\n<meta property=\"article:modified_time\" content=\"2024-03-13T16:23:31+00:00\" \/>\n<meta property=\"og:image\" content=\"https:\/\/ondaadvisory.com\/wp-content\/uploads\/2023\/12\/ONDA-Advisory-LOGO-round.png\" \/>\n<meta name=\"twitter:card\" content=\"summary_large_image\" \/>\n<meta name=\"twitter:label1\" content=\"Estimated reading time\" \/>\n\t<meta name=\"twitter:data1\" content=\"2 minutes\" \/>\n<script type=\"application\/ld+json\" class=\"yoast-schema-graph\">{\"@context\":\"https:\/\/schema.org\",\"@graph\":[{\"@type\":\"WebPage\",\"@id\":\"https:\/\/ondaadvisory.com\/index.php\/nl-home-onda-advisory\/\",\"url\":\"https:\/\/ondaadvisory.com\/index.php\/nl-home-onda-advisory\/\",\"name\":\"Home - Onda Advisory\",\"isPartOf\":{\"@id\":\"https:\/\/ondaadvisory.com\/#website\"},\"datePublished\":\"2024-02-21T17:34:00+00:00\",\"dateModified\":\"2024-03-13T16:23:31+00:00\",\"description\":\"Partner met Onda Advisory voor strategische financi\u00eble inzichten die uw startup naar duurzame groei en succes leiden.\",\"breadcrumb\":{\"@id\":\"https:\/\/ondaadvisory.com\/index.php\/nl-home-onda-advisory\/#breadcrumb\"},\"inLanguage\":\"en-GB\",\"potentialAction\":[{\"@type\":\"ReadAction\",\"target\":[\"https:\/\/ondaadvisory.com\/index.php\/nl-home-onda-advisory\/\"]}]},{\"@type\":\"BreadcrumbList\",\"@id\":\"https:\/\/ondaadvisory.com\/index.php\/nl-home-onda-advisory\/#breadcrumb\",\"itemListElement\":[{\"@type\":\"ListItem\",\"position\":1,\"name\":\"Home\",\"item\":\"https:\/\/ondaadvisory.com\/\"},{\"@type\":\"ListItem\",\"position\":2,\"name\":\"Home\"}]},{\"@type\":\"WebSite\",\"@id\":\"https:\/\/ondaadvisory.com\/#website\",\"url\":\"https:\/\/ondaadvisory.com\/\",\"name\":\"Onda Advisory\",\"description\":\"Empowering startups to make waves in the market with strategic financial guidance.\",\"publisher\":{\"@id\":\"https:\/\/ondaadvisory.com\/#organization\"},\"potentialAction\":[{\"@type\":\"SearchAction\",\"target\":{\"@type\":\"EntryPoint\",\"urlTemplate\":\"https:\/\/ondaadvisory.com\/?s={search_term_string}\"},\"query-input\":\"required name=search_term_string\"}],\"inLanguage\":\"en-GB\"},{\"@type\":\"Organization\",\"@id\":\"https:\/\/ondaadvisory.com\/#organization\",\"name\":\"Onda Advisory\",\"url\":\"https:\/\/ondaadvisory.com\/\",\"logo\":{\"@type\":\"ImageObject\",\"inLanguage\":\"en-GB\",\"@id\":\"https:\/\/ondaadvisory.com\/#\/schema\/logo\/image\/\",\"url\":\"https:\/\/ondaadvisory.com\/wp-content\/uploads\/2023\/12\/ONDA-Advisory-LOGO-round.png\",\"contentUrl\":\"https:\/\/ondaadvisory.com\/wp-content\/uploads\/2023\/12\/ONDA-Advisory-LOGO-round.png\",\"width\":720,\"height\":720,\"caption\":\"Onda Advisory\"},\"image\":{\"@id\":\"https:\/\/ondaadvisory.com\/#\/schema\/logo\/image\/\"},\"sameAs\":[\"https:\/\/www.linkedin.com\/company\/onda-advisory\/\"]}]}<\/script>\n<!-- \/ Yoast SEO plugin. -->","yoast_head_json":{"title":"Home - Onda Advisory","description":"Partner met Onda Advisory voor strategische financi\u00eble inzichten die uw startup naar duurzame groei en succes leiden.","robots":{"index":"index","follow":"follow","max-snippet":"max-snippet:-1","max-image-preview":"max-image-preview:large","max-video-preview":"max-video-preview:-1"},"canonical":"https:\/\/ondaadvisory.com\/index.php\/nl-home-onda-advisory\/","og_locale":"en_GB","og_type":"article","og_title":"Home - Onda Advisory","og_description":"Partner met Onda Advisory voor strategische financi\u00eble inzichten die uw startup naar duurzame groei en succes leiden.","og_url":"https:\/\/ondaadvisory.com\/index.php\/nl-home-onda-advisory\/","og_site_name":"Onda Advisory","article_modified_time":"2024-03-13T16:23:31+00:00","og_image":[{"url":"https:\/\/ondaadvisory.com\/wp-content\/uploads\/2023\/12\/ONDA-Advisory-LOGO-round.png"}],"twitter_card":"summary_large_image","twitter_misc":{"Estimated reading time":"2 minutes"},"schema":{"@context":"https:\/\/schema.org","@graph":[{"@type":"WebPage","@id":"https:\/\/ondaadvisory.com\/index.php\/nl-home-onda-advisory\/","url":"https:\/\/ondaadvisory.com\/index.php\/nl-home-onda-advisory\/","name":"Home - Onda Advisory","isPartOf":{"@id":"https:\/\/ondaadvisory.com\/#website"},"datePublished":"2024-02-21T17:34:00+00:00","dateModified":"2024-03-13T16:23:31+00:00","description":"Partner met Onda Advisory voor strategische financi\u00eble inzichten die uw startup naar duurzame groei en succes leiden.","breadcrumb":{"@id":"https:\/\/ondaadvisory.com\/index.php\/nl-home-onda-advisory\/#breadcrumb"},"inLanguage":"en-GB","potentialAction":[{"@type":"ReadAction","target":["https:\/\/ondaadvisory.com\/index.php\/nl-home-onda-advisory\/"]}]},{"@type":"BreadcrumbList","@id":"https:\/\/ondaadvisory.com\/index.php\/nl-home-onda-advisory\/#breadcrumb","itemListElement":[{"@type":"ListItem","position":1,"name":"Home","item":"https:\/\/ondaadvisory.com\/"},{"@type":"ListItem","position":2,"name":"Home"}]},{"@type":"WebSite","@id":"https:\/\/ondaadvisory.com\/#website","url":"https:\/\/ondaadvisory.com\/","name":"Onda Advisory","description":"Empowering startups to make waves in the market with strategic financial guidance.","publisher":{"@id":"https:\/\/ondaadvisory.com\/#organization"},"potentialAction":[{"@type":"SearchAction","target":{"@type":"EntryPoint","urlTemplate":"https:\/\/ondaadvisory.com\/?s={search_term_string}"},"query-input":"required name=search_term_string"}],"inLanguage":"en-GB"},{"@type":"Organization","@id":"https:\/\/ondaadvisory.com\/#organization","name":"Onda Advisory","url":"https:\/\/ondaadvisory.com\/","logo":{"@type":"ImageObject","inLanguage":"en-GB","@id":"https:\/\/ondaadvisory.com\/#\/schema\/logo\/image\/","url":"https:\/\/ondaadvisory.com\/wp-content\/uploads\/2023\/12\/ONDA-Advisory-LOGO-round.png","contentUrl":"https:\/\/ondaadvisory.com\/wp-content\/uploads\/2023\/12\/ONDA-Advisory-LOGO-round.png","width":720,"height":720,"caption":"Onda Advisory"},"image":{"@id":"https:\/\/ondaadvisory.com\/#\/schema\/logo\/image\/"},"sameAs":["https:\/\/www.linkedin.com\/company\/onda-advisory\/"]}]}},"_links":{"self":[{"href":"https:\/\/ondaadvisory.com\/index.php\/wp-json\/wp\/v2\/pages\/619"}],"collection":[{"href":"https:\/\/ondaadvisory.com\/index.php\/wp-json\/wp\/v2\/pages"}],"about":[{"href":"https:\/\/ondaadvisory.com\/index.php\/wp-json\/wp\/v2\/types\/page"}],"author":[{"embeddable":true,"href":"https:\/\/ondaadvisory.com\/index.php\/wp-json\/wp\/v2\/users\/1"}],"replies":[{"embeddable":true,"href":"https:\/\/ondaadvisory.com\/index.php\/wp-json\/wp\/v2\/comments?post=619"}],"version-history":[{"count":14,"href":"https:\/\/ondaadvisory.com\/index.php\/wp-json\/wp\/v2\/pages\/619\/revisions"}],"predecessor-version":[{"id":794,"href":"https:\/\/ondaadvisory.com\/index.php\/wp-json\/wp\/v2\/pages\/619\/revisions\/794"}],"wp:attachment":[{"href":"https:\/\/ondaadvisory.com\/index.php\/wp-json\/wp\/v2\/media?parent=619"}],"curies":[{"name":"wp","href":"https:\/\/api.w.org\/{rel}","templated":true}]}}